{"id":103,"date":"2017-11-18T12:53:51","date_gmt":"2017-11-18T12:53:51","guid":{"rendered":"http:\/\/www.vcelarstvipalka.cz\/?page_id=103"},"modified":"2025-12-07T09:49:52","modified_gmt":"2025-12-07T09:49:52","slug":"nabidka-med","status":"publish","type":"page","link":"https:\/\/www.vcelarstvipalka.cz\/index.php\/nabidka-med\/","title":{"rendered":"Nab\u00eddka MED"},"content":{"rendered":"<p><em>POZNAMKA: ve v\u010del\u00ed pastv\u011b jsou vyjmenov\u00e1ny jen d\u0159eviny a byliny, na kter\u00fdch m\u00e1me skute\u010dn\u011b na\u0161e v\u010dely zachyceny ve fotogalerii <a href=\"http:\/\/www.vcelarstvipalka.cz\/index.php\/fotogalerie_vcelipastva\/\">&#8222;V\u010del\u00ed pastva&#8220;<\/a> a pro obdob\u00ed p\u0159edch\u00e1zej\u00edc\u00ed p\u0159ed vyt\u00e1\u010den\u00edm dan\u00e9ho medu \ud83d\ude42<\/em><\/p>\n<p><em>POZN\u00c1MKA II.: V\u010delstva nejsou v dob\u011b sn\u016f\u0161ky p\u0159ikrmov\u00e1na cukrem ani ciz\u00edm medem! V\u010dely NEJSOU na zimu krmena \u0161krobov\u00fdm, \u0159epn\u00fdm, bramborov\u00fdm, p\u0161eni\u010dn\u00fdm, kuku\u0159i\u010dn\u00fdm&#8230;ani \u017e\u00e1dn\u00fdm jin\u00fdm) invertn\u00edm krmivem. (viz kritika kvality \u010desk\u00fdch med\u016f pro vysok\u00fd obsah invertu &#8211; Usnesen\u00ed RV \u010cSV z.s. 3\/2014).<br>V\u010delstva jsou chov\u00e1na v\u00fdhradn\u011b v p\u0159\u00edrodn\u00edch materi\u00e1lech (d\u0159evo), bez styku s um\u011blou hmotou (jako jsou polystyr\u00e9ny a plasty..). V\u010del\u00ed vosk pro pl\u00e1stve je z vlastn\u00edho uzav\u0159en\u00e9ho kolob\u011bhu bez p\u0159ikupov\u00e1n\u00ed c\u00edz\u00edch vosk\u016f s pochybn\u00fdm p\u016fvodem !<br><\/em><\/p>\n<p><b>Jarn\u00ed Kv\u011btov\u00fd<\/b> &#8230;. 230czk&nbsp; <span style=\"color: #99cc00;\"><strong><span style=\"color: #ff0000;\">VYPROD\u00c1NO<\/span> <\/strong><\/span><strong><span style=\"color: #99cc00;\">&nbsp;(p\u0159ij\u00edm\u00e1me OBJEDN\u00c1VKY na 2026<\/span><\/strong><span style=\"color: #99cc00;\">)<\/span><br>v\u010del\u00ed pastva: jarn\u00ed kv\u011bty lu\u010dn\u00ed + ovocn\u00e9 stromy + javory + \u0159epka + ak\u00e1t + hloh + J\u00edrovec (ka\u0161tan)<br>&nbsp; &#8222;medobran\u00ed&#8220;(odebr\u00e1n\u00ed v\u010del\u00e1m a vyt\u00e1\u010den\u00ed) obvykle cca konec kv\u011btna (t\u011bsn\u011b p\u0159ed rozkv\u011btem prvn\u00edch Lip<br>stanovi\u0161t\u011b: Bor\u0161ice u Buch. + Star\u00e9 M\u011bsto<br>barva: sv\u011btl\u00e1, jantarov\u00e1<br>chu\u0165: &nbsp; sladk\u00e1, v\u00fdrazn\u00e1 a velmi aromatick\u00e1. (Velmi vhodn\u00e9 do bylinkov\u00fdch \u010daj\u016f)<\/p>\n<p><b>Pastov\u00fd<\/b>&#8230;&#8230;&#8230;.. 240czk &nbsp;<span style=\"color: #99cc00;\"> <strong><span style=\"color: #ff0000;\">VYPROD\u00c1NO<\/span> (p\u0159ij\u00edm\u00e1me OBJEDN\u00c1VKY na 2026<\/strong>)<\/span><br>v\u010del\u00ed pastva: &#8211;&nbsp; pastov\u00e1n z Jarn\u00edho kv\u011btov\u00e9ho<br>barva: perle\u0165ov\u00e1<br>chu\u0165: pastov\u00e1n\u00edm se lehce &#8222;zakulat\u00ed&#8220; a mnoh\u00fdm lidem tento med v\u00edce chutn\u00e1 ne\u017e tekut\u00fd jarn\u00ed kv\u011btov\u00fd. Po celou dobu si udr\u017e\u00ed pastovou konzistenci (nezkrystalizuje na beton) a v\u017edy ho lze snadno nabrat l\u017ei\u010dkou, nebo namazat.<img loading=\"lazy\" decoding=\"async\" class=\"wp-image-889 aligncenter\" src=\"http:\/\/www.vcelarstvipalka.cz\/wp-content\/uploads\/2019\/01\/varov\u00e1n\u00ed-pastov\u00fd-med-300x76.jpg\" alt=\"\" width=\"477\" height=\"121\" srcset=\"https:\/\/www.vcelarstvipalka.cz\/wp-content\/uploads\/2019\/01\/varov\u00e1n\u00ed-pastov\u00fd-med-300x76.jpg 300w, https:\/\/www.vcelarstvipalka.cz\/wp-content\/uploads\/2019\/01\/varov\u00e1n\u00ed-pastov\u00fd-med.jpg 571w\" sizes=\"(max-width: 477px) 100vw, 477px\" \/><\/p>\n<p><b>Letn\u00ed Kv\u011btov\u00fd\/Medovicov\u00fd<\/b> &#8230;240czk&nbsp; <span style=\"color: #99cc00;\"><strong><span style=\"color: #ff0000;\">VYPROD\u00c1NO<\/span> <\/strong><\/span><strong>&nbsp;<span style=\"color: #99cc00;\">(p\u0159ij\u00edm\u00e1me OBJEDN\u00c1VKY na 2026<\/span><\/strong><span style=\"color: #99cc00;\">)<\/span><br>v\u010del\u00ed pastva: p\u0159eva\u017euje kv\u011bt <strong>L\u00edpy<\/strong>, <strong>ostru\u017einy<\/strong> a <strong>letn\u00ed kv\u011btnat\u00e9 louky. <\/strong>V n\u011bkter\u00fdch letech i<strong> Jerl\u00edny <\/strong>(d\u00e1le chrastavec, kakost, chrpy, vi\u010denec, jetel&#8230;), l\u00e9\u010divky (br\u0161lice, komonice, \u0159e\u0161etl\u00e1k po\u010di\u0161tiv\u00fd, hadinec, malin\u00edk&#8230;) n\u011bkdy i p\u0159\u00edm\u011bs <strong>medovice<\/strong><br>p\u0159edpoklad &#8222;medobran\u00ed&#8220;(odebr\u00e1n\u00ed v\u010del\u00e1m a vyt\u00e1\u010den\u00ed): obvykle cca polovina \u010cervence a\u017e Srpen (Pozn\u00e1mka: po konci kv\u011btu posledn\u00edch lip obvykle za\u010dne bezsn\u016f\u017ekov\u00e9 obdob\u00ed &#8211; sucho, nebo naopak de\u0161tivo, v\u010dely je ji\u017e pot\u0159eba za\u010d\u00edt chystat na zimu )<br>barva: tmav\u0161\u00ed jantarov\u00e1<br>chu\u0165:&nbsp; sladk\u00e1, bez v\u00fdrazn\u011b aromatick\u00fdch t\u00f3n\u016f. Vhodn\u00fd i slazen\u00ed k\u00e1vy (nen\u00ed tak v\u00fdrazn\u011b aromatick\u00fd). Pokud je i siln\u00e1 sn\u016f\u0161ka z Jerl\u00edn\u016f, je chu\u0165 a v\u016fn\u011b obohacena o &#8222;p\u0159\u00edjemn\u011b citrusov\u00e9&#8220; t\u00f3ny.<\/p>\n<p><span style=\"color: #0000ff;\">KDO VRAC\u00cd SKLENICE&#8230; &#8211; minus 10czk&nbsp; (bez v\u00ed\u010dek, v\u00ed\u010dka jdou v\u017edy nov\u00e9)<\/span><\/p>\n<p>Nejl\u00e9pe kdy\u017e si v srpnu koup\u00edte &#8222;testovac\u00ed sadu&#8220;:<br>&#8222;mal\u00e1&#8220;&nbsp; 3&#215;0,2kg&#8230;&#8230;200czk<br>&#8222;velk\u00e1&#8220; 3&#215;0,5kg&#8230;&#8230;300czk<br>vybere si a pak objedn\u00e1te (nejlepe e-mail palka@vcelarstvipalka.cz )<br><img loading=\"lazy\" decoding=\"async\" class=\"alignnone wp-image-39 size-large\" src=\"http:\/\/www.vcelarstvipalka.cz\/wp-content\/uploads\/2017\/10\/IMG_6603-1024x768.jpg\" alt=\"\" width=\"525\" height=\"394\" srcset=\"https:\/\/www.vcelarstvipalka.cz\/wp-content\/uploads\/2017\/10\/IMG_6603-1024x768.jpg 1024w, https:\/\/www.vcelarstvipalka.cz\/wp-content\/uploads\/2017\/10\/IMG_6603-300x225.jpg 300w, https:\/\/www.vcelarstvipalka.cz\/wp-content\/uploads\/2017\/10\/IMG_6603-768x576.jpg 768w\" sizes=\"(max-width: 525px) 100vw, 525px\" \/><\/p>\n\n\n<p><\/p>\n","protected":false},"excerpt":{"rendered":"<p>POZNAMKA: ve v\u010del\u00ed pastv\u011b jsou vyjmenov\u00e1ny jen d\u0159eviny a byliny, na kter\u00fdch m\u00e1me skute\u010dn\u011b na\u0161e v\u010dely zachyceny ve fotogalerii &#8222;V\u010del\u00ed pastva&#8220; a pro obdob\u00ed p\u0159edch\u00e1zej\u00edc\u00ed p\u0159ed vyt\u00e1\u010den\u00edm dan\u00e9ho medu \ud83d\ude42 POZN\u00c1MKA II.: V\u010delstva nejsou v dob\u011b sn\u016f\u0161ky p\u0159ikrmov\u00e1na cukrem ani ciz\u00edm medem! V\u010dely NEJSOU na zimu krmena \u0161krobov\u00fdm, \u0159epn\u00fdm, bramborov\u00fdm, p\u0161eni\u010dn\u00fdm, kuku\u0159i\u010dn\u00fdm&#8230;ani \u017e\u00e1dn\u00fdm jin\u00fdm) invertn\u00edm &hellip; <\/p>\n<p class=\"link-more\"><a href=\"https:\/\/www.vcelarstvipalka.cz\/index.php\/nabidka-med\/\" class=\"more-link\">Pokra\u010dovat ve \u010dten\u00ed<span class=\"screen-reader-text\"> &#8222;Nab\u00eddka MED&#8220;<\/span><\/a><\/p>\n","protected":false},"author":1,"featured_media":0,"parent":0,"menu_order":0,"comment_status":"closed","ping_status":"closed","template":"","meta":{"ngg_post_thumbnail":0,"footnotes":""},"class_list":["post-103","page","type-page","status-publish","hentry"],"_links":{"self":[{"href":"https:\/\/www.vcelarstvipalka.cz\/index.php\/wp-json\/wp\/v2\/pages\/103"}],"collection":[{"href":"https:\/\/www.vcelarstvipalka.cz\/index.php\/wp-json\/wp\/v2\/pages"}],"about":[{"href":"https:\/\/www.vcelarstvipalka.cz\/index.php\/wp-json\/wp\/v2\/types\/page"}],"author":[{"embeddable":true,"href":"https:\/\/www.vcelarstvipalka.cz\/index.php\/wp-json\/wp\/v2\/users\/1"}],"replies":[{"embeddable":true,"href":"https:\/\/www.vcelarstvipalka.cz\/index.php\/wp-json\/wp\/v2\/comments?post=103"}],"version-history":[{"count":33,"href":"https:\/\/www.vcelarstvipalka.cz\/index.php\/wp-json\/wp\/v2\/pages\/103\/revisions"}],"predecessor-version":[{"id":1028,"href":"https:\/\/www.vcelarstvipalka.cz\/index.php\/wp-json\/wp\/v2\/pages\/103\/revisions\/1028"}],"wp:attachment":[{"href":"https:\/\/www.vcelarstvipalka.cz\/index.php\/wp-json\/wp\/v2\/media?parent=103"}],"curies":[{"name":"wp","href":"https:\/\/api.w.org\/{rel}","templated":true}]}}