{"id":114,"date":"2017-12-11T10:18:40","date_gmt":"2017-12-11T10:18:40","guid":{"rendered":"http:\/\/www.vcelarstvipalka.cz\/?page_id=114"},"modified":"2017-12-11T11:45:20","modified_gmt":"2017-12-11T11:45:20","slug":"aktualni-nabidka","status":"publish","type":"page","link":"https:\/\/www.vcelarstvipalka.cz\/index.php\/aktualni-nabidka\/","title":{"rendered":"AKTUALN\u00cd NABIDKA"},"content":{"rendered":"<p>Aktu\u00e1ln\u00ed nab\u00eddka produkt\u016f od na\u0161ich v\u010deli\u010dek:<\/p>\n<ul>\n<li><a href=\"http:\/\/www.vcelarstvipalka.cz\/index.php\/nabidka-med\/\">Nab\u00eddka MED &#8211; zde<\/a><\/li>\n<li><a href=\"http:\/\/www.vcelarstvipalka.cz\/index.php\/nabidka-vosk\/\">Nab\u00eddka VOSK a v\u00fdrobky z n\u011bj (sv\u00ed\u010dky) &#8211; zde<\/a><\/li>\n<li><a href=\"http:\/\/www.vcelarstvipalka.cz\/index.php\/nabidka-pyl\/\">Nab\u00eddka PYL (rouskovan\u00fd, pl\u00e1stov\u00fd a perga) &#8211; zde<\/a><\/li>\n<li><a href=\"http:\/\/www.vcelarstvipalka.cz\/index.php\/nabidka-materi-kasicka\/\">Nab\u00eddka MATE\u0158\u00cd KA\u0160I\u010cKA &#8211; zde<\/a><\/li>\n<li><a href=\"http:\/\/www.vcelarstvipalka.cz\/index.php\/nabidka-propolis\/\">Nab\u00eddka PROPOLIS &#8211; zde<\/a><\/li>\n<li><a href=\"http:\/\/www.vcelarstvipalka.cz\/index.php\/nabidka-vceli-jed\/\">Nab\u00eddka V\u010cEL\u00cd JED &#8211; zde<\/a><\/li>\n<li><a href=\"http:\/\/www.vcelarstvipalka.cz\/index.php\/nabidka-ostatni\/\">Nab\u00eddka ostatn\u00edch v\u010del\u00edch produkt\u016f (ov\u010delen\u00e1 voda, apiterapie, atd. &#8211; zde<\/a><\/li>\n<li><a href=\"http:\/\/www.vcelarstvipalka.cz\/index.php\/nabidka-vcelstva\/\">Nab\u00eddka zimovan\u00fdch V\u010cELSTEV, ODD\u011aLK\u016e, SMETENC\u016e a MATKY &#8211; zde<\/a><\/li>\n<\/ul>\n","protected":false},"excerpt":{"rendered":"<p>Aktu\u00e1ln\u00ed nab\u00eddka produkt\u016f od na\u0161ich v\u010deli\u010dek: Nab\u00eddka MED &#8211; zde Nab\u00eddka VOSK a v\u00fdrobky z n\u011bj (sv\u00ed\u010dky) &#8211; zde Nab\u00eddka PYL (rouskovan\u00fd, pl\u00e1stov\u00fd a perga) &#8211; zde Nab\u00eddka MATE\u0158\u00cd KA\u0160I\u010cKA &#8211; zde Nab\u00eddka PROPOLIS &#8211; zde Nab\u00eddka V\u010cEL\u00cd JED &#8211; zde Nab\u00eddka ostatn\u00edch v\u010del\u00edch produkt\u016f (ov\u010delen\u00e1 voda, apiterapie, atd. &#8211; zde Nab\u00eddka zimovan\u00fdch V\u010cELSTEV, ODD\u011aLK\u016e, &hellip; <\/p>\n<p class=\"link-more\"><a href=\"https:\/\/www.vcelarstvipalka.cz\/index.php\/aktualni-nabidka\/\" class=\"more-link\">Pokra\u010dovat ve \u010dten\u00ed<span class=\"screen-reader-text\"> &#8222;AKTUALN\u00cd NABIDKA&#8220;<\/span><\/a><\/p>\n","protected":false},"author":1,"featured_media":0,"parent":0,"menu_order":0,"comment_status":"closed","ping_status":"closed","template":"","meta":{"ngg_post_thumbnail":0,"footnotes":""},"class_list":["post-114","page","type-page","status-publish","hentry"],"_links":{"self":[{"href":"https:\/\/www.vcelarstvipalka.cz\/index.php\/wp-json\/wp\/v2\/pages\/114"}],"collection":[{"href":"https:\/\/www.vcelarstvipalka.cz\/index.php\/wp-json\/wp\/v2\/pages"}],"about":[{"href":"https:\/\/www.vcelarstvipalka.cz\/index.php\/wp-json\/wp\/v2\/types\/page"}],"author":[{"embeddable":true,"href":"https:\/\/www.vcelarstvipalka.cz\/index.php\/wp-json\/wp\/v2\/users\/1"}],"replies":[{"embeddable":true,"href":"https:\/\/www.vcelarstvipalka.cz\/index.php\/wp-json\/wp\/v2\/comments?post=114"}],"version-history":[{"count":10,"href":"https:\/\/www.vcelarstvipalka.cz\/index.php\/wp-json\/wp\/v2\/pages\/114\/revisions"}],"predecessor-version":[{"id":160,"href":"https:\/\/www.vcelarstvipalka.cz\/index.php\/wp-json\/wp\/v2\/pages\/114\/revisions\/160"}],"wp:attachment":[{"href":"https:\/\/www.vcelarstvipalka.cz\/index.php\/wp-json\/wp\/v2\/media?parent=114"}],"curies":[{"name":"wp","href":"https:\/\/api.w.org\/{rel}","templated":true}]}}