{"id":117,"date":"2017-12-11T10:21:59","date_gmt":"2017-12-11T10:21:59","guid":{"rendered":"http:\/\/www.vcelarstvipalka.cz\/?page_id=117"},"modified":"2025-01-24T16:51:41","modified_gmt":"2025-01-24T16:51:41","slug":"nabidka-vosk","status":"publish","type":"page","link":"https:\/\/www.vcelarstvipalka.cz\/index.php\/nabidka-vosk\/","title":{"rendered":"Nab\u00eddka VOSKU a SV\u00cd\u010cEK"},"content":{"rendered":"<p>Na\u0161e Aktu\u00e1ln\u00ed nab\u00eddka v\u010del\u00edho vosku a v\u00fdrobk\u016f z n\u011bj<\/p>\n<p>!! TOP !! sada Figurky do BETL\u00c9M (11 figurek)_200g&#8230;&#8230;490k\u010d<br \/>\nBetl\u00e9m d\u0159ev\u011bn\u00fd (pro figurky)&#8230;&#8230;500k\u010d<br \/>\n<img loading=\"lazy\" decoding=\"async\" class=\"alignnone  wp-image-971\" src=\"http:\/\/www.vcelarstvipalka.cz\/wp-content\/uploads\/2023\/03\/IMG_3833-300x225.jpg\" alt=\"\" width=\"261\" height=\"196\" srcset=\"https:\/\/www.vcelarstvipalka.cz\/wp-content\/uploads\/2023\/03\/IMG_3833-300x225.jpg 300w, https:\/\/www.vcelarstvipalka.cz\/wp-content\/uploads\/2023\/03\/IMG_3833-768x576.jpg 768w, https:\/\/www.vcelarstvipalka.cz\/wp-content\/uploads\/2023\/03\/IMG_3833-1024x768.jpg 1024w\" sizes=\"(max-width: 261px) 100vw, 261px\" \/><\/p>\n<p><u>CENY ostatn\u00edch voskov\u00fdch v\u00fdrobk\u016f:<\/u><br \/>\nSv\u00ed\u010dka plovouc\u00ed &#8222;R\u016f\u017ei\u010dka&#8220;_21g &#8230;&#8230;&#8230;&#8230;&#8230;&#8230;70k\u010d<br \/>\nSv\u00ed\u010dka plovouc\u00ed &#8222;Slam\u011bnka&#8220;_26g &#8230;&#8230;&#8230;&#8230;75k\u010d<br \/>\nSv\u00ed\u010dka velk\u00e1 &#8222;V\u00e1no\u010dn\u00ed&#8220;_210g &#8230;&#8230;&#8230;&#8230;&#8230;&#8230;220k\u010d<br \/>\nV\u010del\u00ed vosk &#8222;\u0161estihran s v\u010delkou&#8220;_55g&#8230;..90k\u010d<br \/>\nV\u010del\u00ed vosk &#8222;p\u00e1sek&#8220;_85g&#8230;&#8230;&#8230;&#8230;&#8230;&#8230;&#8230;&#8230;&#8230;&#8230;..120k\u010d<br \/>\nV\u010del\u00ed vosk &#8222;ingot-zlat\u00e1 cihla&#8220;_130g&#8230;&#8230;..140k\u010d<br \/>\nTrpasl\u00edk &#8222;Ign\u00e1c&#8220;(dut\u00e1 figurka)_&#8230;&#8230;&#8230;&#8230;&#8230;&#8230;150k\u010d<\/p>\n<p>ceny jsou u vedeny za Kus (s DPH &#8211; nejsme pl\u00e1tci)<br \/>\nv\u0161e je ru\u010dn\u011b vyr\u00e1b\u011bn\u00e9 z prav\u00e9ho \u010dist\u00e9ho v\u010del\u00edho vosku<br \/>\nz produkce na\u0161ich v\u010del (vosk nenakupujeme !)<\/p>\n<figure id=\"attachment_930\" aria-describedby=\"caption-attachment-930\" style=\"width: 220px\" class=\"wp-caption alignleft\"><img loading=\"lazy\" decoding=\"async\" class=\"wp-image-930 \" src=\"http:\/\/www.vcelarstvipalka.cz\/wp-content\/uploads\/2021\/12\/IMG_5580-300x225.jpg\" alt=\"\" width=\"220\" height=\"294\"><figcaption id=\"caption-attachment-930\" class=\"wp-caption-text\">Sv\u00ed\u010dka plovouc\u00ed &#8222;Slam\u011bnka&#8220;_26g<\/figcaption><\/figure>\n<figure id=\"attachment_931\" aria-describedby=\"caption-attachment-931\" style=\"width: 222px\" class=\"wp-caption alignleft\"><img loading=\"lazy\" decoding=\"async\" class=\"wp-image-931 \" src=\"http:\/\/www.vcelarstvipalka.cz\/wp-content\/uploads\/2021\/12\/IMG_5581-300x225.jpg\" alt=\"\" width=\"222\" height=\"296\"><figcaption id=\"caption-attachment-931\" class=\"wp-caption-text\">V\u010del\u00ed vosk &#8222;p\u00e1sek&#8220;_85g<\/figcaption><\/figure>\n<figure id=\"attachment_97\" aria-describedby=\"caption-attachment-97\" style=\"width: 217px\" class=\"wp-caption alignleft\"><img loading=\"lazy\" decoding=\"async\" class=\"wp-image-97 \" src=\"http:\/\/www.vcelarstvipalka.cz\/wp-content\/uploads\/2017\/11\/IMG_0426-e1512987747769-225x300.jpg\" alt=\"\" width=\"217\" height=\"289\" srcset=\"https:\/\/www.vcelarstvipalka.cz\/wp-content\/uploads\/2017\/11\/IMG_0426-e1512987747769-225x300.jpg 225w, https:\/\/www.vcelarstvipalka.cz\/wp-content\/uploads\/2017\/11\/IMG_0426-e1512987747769-768x1024.jpg 768w\" sizes=\"(max-width: 217px) 100vw, 217px\" \/><figcaption id=\"caption-attachment-97\" class=\"wp-caption-text\">Sv\u00ed\u010dka velk\u00e1 &#8222;V\u00e1no\u010dn\u00ed&#8220;_210g<\/figcaption><\/figure>\n<figure id=\"attachment_1017\" aria-describedby=\"caption-attachment-1017\" style=\"width: 225px\" class=\"wp-caption aligncenter\"><img loading=\"lazy\" decoding=\"async\" class=\"wp-image-1017 size-medium\" src=\"http:\/\/www.vcelarstvipalka.cz\/wp-content\/uploads\/2025\/01\/IMG_2637-225x300.jpg\" alt=\"\" width=\"225\" height=\"300\" srcset=\"https:\/\/www.vcelarstvipalka.cz\/wp-content\/uploads\/2025\/01\/IMG_2637-225x300.jpg 225w, https:\/\/www.vcelarstvipalka.cz\/wp-content\/uploads\/2025\/01\/IMG_2637-768x1024.jpg 768w, https:\/\/www.vcelarstvipalka.cz\/wp-content\/uploads\/2025\/01\/IMG_2637-1152x1536.jpg 1152w, https:\/\/www.vcelarstvipalka.cz\/wp-content\/uploads\/2025\/01\/IMG_2637-1536x2048.jpg 1536w, https:\/\/www.vcelarstvipalka.cz\/wp-content\/uploads\/2025\/01\/IMG_2637-scaled.jpg 1920w\" sizes=\"(max-width: 225px) 100vw, 225px\" \/><figcaption id=\"caption-attachment-1017\" class=\"wp-caption-text\">voskov\u00fd odlitek &#8222;Ingot-zlat\u00e1 cihla&#8220;<\/figcaption><\/figure>\n<figure id=\"attachment_1018\" aria-describedby=\"caption-attachment-1018\" style=\"width: 225px\" class=\"wp-caption alignleft\"><img loading=\"lazy\" decoding=\"async\" class=\"wp-image-1018 size-medium\" src=\"http:\/\/www.vcelarstvipalka.cz\/wp-content\/uploads\/2025\/01\/IMG_2623-225x300.jpg\" alt=\"\" width=\"225\" height=\"300\" srcset=\"https:\/\/www.vcelarstvipalka.cz\/wp-content\/uploads\/2025\/01\/IMG_2623-225x300.jpg 225w, https:\/\/www.vcelarstvipalka.cz\/wp-content\/uploads\/2025\/01\/IMG_2623-768x1024.jpg 768w, https:\/\/www.vcelarstvipalka.cz\/wp-content\/uploads\/2025\/01\/IMG_2623-1152x1536.jpg 1152w, https:\/\/www.vcelarstvipalka.cz\/wp-content\/uploads\/2025\/01\/IMG_2623-1536x2048.jpg 1536w, https:\/\/www.vcelarstvipalka.cz\/wp-content\/uploads\/2025\/01\/IMG_2623-scaled.jpg 1920w\" sizes=\"(max-width: 225px) 100vw, 225px\" \/><figcaption id=\"caption-attachment-1018\" class=\"wp-caption-text\">figurka dut\u00e1 &#8222;Trpasl\u00edk Ign\u00e1c&#8220;<\/figcaption><\/figure>\n<figure id=\"attachment_1016\" aria-describedby=\"caption-attachment-1016\" style=\"width: 225px\" class=\"wp-caption alignleft\"><img loading=\"lazy\" decoding=\"async\" class=\"wp-image-1016 size-medium\" src=\"http:\/\/www.vcelarstvipalka.cz\/wp-content\/uploads\/2025\/01\/IMG_2608-225x300.jpg\" alt=\"\" width=\"225\" height=\"300\" srcset=\"https:\/\/www.vcelarstvipalka.cz\/wp-content\/uploads\/2025\/01\/IMG_2608-225x300.jpg 225w, https:\/\/www.vcelarstvipalka.cz\/wp-content\/uploads\/2025\/01\/IMG_2608-768x1024.jpg 768w, https:\/\/www.vcelarstvipalka.cz\/wp-content\/uploads\/2025\/01\/IMG_2608-1152x1536.jpg 1152w, https:\/\/www.vcelarstvipalka.cz\/wp-content\/uploads\/2025\/01\/IMG_2608-1536x2048.jpg 1536w, https:\/\/www.vcelarstvipalka.cz\/wp-content\/uploads\/2025\/01\/IMG_2608-scaled.jpg 1920w\" sizes=\"(max-width: 225px) 100vw, 225px\" \/><figcaption id=\"caption-attachment-1016\" class=\"wp-caption-text\">Sv\u00ed\u010dka plovouc\u00ed &#8222;R\u016f\u017ei\u010dka&#8220;<\/figcaption><\/figure>\n<figure id=\"attachment_924\" aria-describedby=\"caption-attachment-924\" style=\"width: 230px\" class=\"wp-caption alignleft\"><img loading=\"lazy\" decoding=\"async\" class=\"wp-image-924 \" src=\"http:\/\/www.vcelarstvipalka.cz\/wp-content\/uploads\/2021\/12\/IMG_0315-300x225.jpg\" alt=\"\" width=\"230\" height=\"307\"><figcaption id=\"caption-attachment-924\" class=\"wp-caption-text\">Sv\u00ed\u010dka plovouc\u00ed &#8222;Slam\u011bnka&#8220;<\/figcaption><\/figure>\n<p>&nbsp;<img loading=\"lazy\" decoding=\"async\" class=\"wp-image-932  alignnone\" src=\"http:\/\/www.vcelarstvipalka.cz\/wp-content\/uploads\/2021\/12\/IMG_7321-300x225.jpg\" alt=\"\" width=\"230\" height=\"307\"> <img loading=\"lazy\" decoding=\"async\" class=\"alignnone  wp-image-927\" src=\"http:\/\/www.vcelarstvipalka.cz\/wp-content\/uploads\/2021\/12\/IMG_5576-300x225.jpg\" alt=\"\" width=\"247\" height=\"185\" srcset=\"https:\/\/www.vcelarstvipalka.cz\/wp-content\/uploads\/2021\/12\/IMG_5576-300x225.jpg 300w, https:\/\/www.vcelarstvipalka.cz\/wp-content\/uploads\/2021\/12\/IMG_5576-768x576.jpg 768w, https:\/\/www.vcelarstvipalka.cz\/wp-content\/uploads\/2021\/12\/IMG_5576-1024x768.jpg 1024w\" sizes=\"(max-width: 247px) 100vw, 247px\" \/> <img loading=\"lazy\" decoding=\"async\" class=\"alignnone size-medium wp-image-926\" src=\"http:\/\/www.vcelarstvipalka.cz\/wp-content\/uploads\/2021\/12\/IMG_0711-300x225.jpg\" alt=\"\" width=\"300\" height=\"225\" srcset=\"https:\/\/www.vcelarstvipalka.cz\/wp-content\/uploads\/2021\/12\/IMG_0711-300x225.jpg 300w, https:\/\/www.vcelarstvipalka.cz\/wp-content\/uploads\/2021\/12\/IMG_0711-768x576.jpg 768w, https:\/\/www.vcelarstvipalka.cz\/wp-content\/uploads\/2021\/12\/IMG_0711-1024x768.jpg 1024w\" sizes=\"(max-width: 300px) 100vw, 300px\" \/> <img loading=\"lazy\" decoding=\"async\" class=\"alignnone size-medium wp-image-925\" src=\"http:\/\/www.vcelarstvipalka.cz\/wp-content\/uploads\/2021\/12\/IMG_0421-300x225.jpg\" alt=\"\" width=\"300\" height=\"225\" srcset=\"https:\/\/www.vcelarstvipalka.cz\/wp-content\/uploads\/2021\/12\/IMG_0421-300x225.jpg 300w, https:\/\/www.vcelarstvipalka.cz\/wp-content\/uploads\/2021\/12\/IMG_0421-768x576.jpg 768w, https:\/\/www.vcelarstvipalka.cz\/wp-content\/uploads\/2021\/12\/IMG_0421-1024x768.jpg 1024w\" sizes=\"(max-width: 300px) 100vw, 300px\" \/> <img loading=\"lazy\" decoding=\"async\" class=\"alignnone size-medium wp-image-40\" src=\"http:\/\/www.vcelarstvipalka.cz\/wp-content\/uploads\/2017\/10\/IMG_7305-300x225.jpg\" alt=\"\" width=\"300\" height=\"225\" srcset=\"https:\/\/www.vcelarstvipalka.cz\/wp-content\/uploads\/2017\/10\/IMG_7305-300x225.jpg 300w, https:\/\/www.vcelarstvipalka.cz\/wp-content\/uploads\/2017\/10\/IMG_7305-768x576.jpg 768w, https:\/\/www.vcelarstvipalka.cz\/wp-content\/uploads\/2017\/10\/IMG_7305-1024x768.jpg 1024w\" sizes=\"(max-width: 300px) 100vw, 300px\" \/><\/p>\n<p>&nbsp;<\/p>\n","protected":false},"excerpt":{"rendered":"<p>Na\u0161e Aktu\u00e1ln\u00ed nab\u00eddka v\u010del\u00edho vosku a v\u00fdrobk\u016f z n\u011bj !! TOP !! sada Figurky do BETL\u00c9M (11 figurek)_200g&#8230;&#8230;490k\u010d Betl\u00e9m d\u0159ev\u011bn\u00fd (pro figurky)&#8230;&#8230;500k\u010d CENY ostatn\u00edch voskov\u00fdch v\u00fdrobk\u016f: Sv\u00ed\u010dka plovouc\u00ed &#8222;R\u016f\u017ei\u010dka&#8220;_21g &#8230;&#8230;&#8230;&#8230;&#8230;&#8230;70k\u010d Sv\u00ed\u010dka plovouc\u00ed &#8222;Slam\u011bnka&#8220;_26g &#8230;&#8230;&#8230;&#8230;75k\u010d Sv\u00ed\u010dka velk\u00e1 &#8222;V\u00e1no\u010dn\u00ed&#8220;_210g &#8230;&#8230;&#8230;&#8230;&#8230;&#8230;220k\u010d V\u010del\u00ed vosk &#8222;\u0161estihran s v\u010delkou&#8220;_55g&#8230;..90k\u010d V\u010del\u00ed vosk &#8222;p\u00e1sek&#8220;_85g&#8230;&#8230;&#8230;&#8230;&#8230;&#8230;&#8230;&#8230;&#8230;&#8230;..120k\u010d V\u010del\u00ed vosk &#8222;ingot-zlat\u00e1 cihla&#8220;_130g&#8230;&#8230;..140k\u010d Trpasl\u00edk &#8222;Ign\u00e1c&#8220;(dut\u00e1 figurka)_&#8230;&#8230;&#8230;&#8230;&#8230;&#8230;150k\u010d ceny jsou &hellip; <\/p>\n<p class=\"link-more\"><a href=\"https:\/\/www.vcelarstvipalka.cz\/index.php\/nabidka-vosk\/\" class=\"more-link\">Pokra\u010dovat ve \u010dten\u00ed<span class=\"screen-reader-text\"> &#8222;Nab\u00eddka VOSKU a SV\u00cd\u010cEK&#8220;<\/span><\/a><\/p>\n","protected":false},"author":1,"featured_media":0,"parent":0,"menu_order":0,"comment_status":"closed","ping_status":"closed","template":"","meta":{"ngg_post_thumbnail":0,"footnotes":""},"class_list":["post-117","page","type-page","status-publish","hentry"],"_links":{"self":[{"href":"https:\/\/www.vcelarstvipalka.cz\/index.php\/wp-json\/wp\/v2\/pages\/117"}],"collection":[{"href":"https:\/\/www.vcelarstvipalka.cz\/index.php\/wp-json\/wp\/v2\/pages"}],"about":[{"href":"https:\/\/www.vcelarstvipalka.cz\/index.php\/wp-json\/wp\/v2\/types\/page"}],"author":[{"embeddable":true,"href":"https:\/\/www.vcelarstvipalka.cz\/index.php\/wp-json\/wp\/v2\/users\/1"}],"replies":[{"embeddable":true,"href":"https:\/\/www.vcelarstvipalka.cz\/index.php\/wp-json\/wp\/v2\/comments?post=117"}],"version-history":[{"count":12,"href":"https:\/\/www.vcelarstvipalka.cz\/index.php\/wp-json\/wp\/v2\/pages\/117\/revisions"}],"predecessor-version":[{"id":1022,"href":"https:\/\/www.vcelarstvipalka.cz\/index.php\/wp-json\/wp\/v2\/pages\/117\/revisions\/1022"}],"wp:attachment":[{"href":"https:\/\/www.vcelarstvipalka.cz\/index.php\/wp-json\/wp\/v2\/media?parent=117"}],"curies":[{"name":"wp","href":"https:\/\/api.w.org\/{rel}","templated":true}]}}