{"id":120,"date":"2017-12-11T10:23:53","date_gmt":"2017-12-11T10:23:53","guid":{"rendered":"http:\/\/www.vcelarstvipalka.cz\/?page_id=120"},"modified":"2017-12-11T12:39:09","modified_gmt":"2017-12-11T12:39:09","slug":"nabidka-pyl","status":"publish","type":"page","link":"https:\/\/www.vcelarstvipalka.cz\/index.php\/nabidka-pyl\/","title":{"rendered":"Nab\u00eddka PYL"},"content":{"rendered":"<p>Na\u0161e Aktu\u00e1ln\u00ed nab\u00eddka Pylu<\/p>\n<figure id=\"attachment_125\" aria-describedby=\"caption-attachment-125\" style=\"width: 525px\" class=\"wp-caption alignnone\"><img loading=\"lazy\" decoding=\"async\" class=\"wp-image-125 size-large\" src=\"http:\/\/www.vcelarstvipalka.cz\/wp-content\/uploads\/2017\/12\/IMG_1610-1024x768.jpg\" alt=\"\" width=\"525\" height=\"394\" srcset=\"https:\/\/www.vcelarstvipalka.cz\/wp-content\/uploads\/2017\/12\/IMG_1610-1024x768.jpg 1024w, https:\/\/www.vcelarstvipalka.cz\/wp-content\/uploads\/2017\/12\/IMG_1610-300x225.jpg 300w, https:\/\/www.vcelarstvipalka.cz\/wp-content\/uploads\/2017\/12\/IMG_1610-768x576.jpg 768w\" sizes=\"(max-width: 525px) 100vw, 525px\" \/><figcaption id=\"caption-attachment-125\" class=\"wp-caption-text\">Na\u0161e v\u010dely na kiwi (<em>Slov\u00e1cko_2016-06-10<\/em>)<\/figcaption><\/figure>\n","protected":false},"excerpt":{"rendered":"<p>Na\u0161e Aktu\u00e1ln\u00ed nab\u00eddka Pylu<\/p>\n","protected":false},"author":1,"featured_media":0,"parent":0,"menu_order":0,"comment_status":"closed","ping_status":"closed","template":"","meta":{"ngg_post_thumbnail":0,"footnotes":""},"class_list":["post-120","page","type-page","status-publish","hentry"],"_links":{"self":[{"href":"https:\/\/www.vcelarstvipalka.cz\/index.php\/wp-json\/wp\/v2\/pages\/120"}],"collection":[{"href":"https:\/\/www.vcelarstvipalka.cz\/index.php\/wp-json\/wp\/v2\/pages"}],"about":[{"href":"https:\/\/www.vcelarstvipalka.cz\/index.php\/wp-json\/wp\/v2\/types\/page"}],"author":[{"embeddable":true,"href":"https:\/\/www.vcelarstvipalka.cz\/index.php\/wp-json\/wp\/v2\/users\/1"}],"replies":[{"embeddable":true,"href":"https:\/\/www.vcelarstvipalka.cz\/index.php\/wp-json\/wp\/v2\/comments?post=120"}],"version-history":[{"count":5,"href":"https:\/\/www.vcelarstvipalka.cz\/index.php\/wp-json\/wp\/v2\/pages\/120\/revisions"}],"predecessor-version":[{"id":164,"href":"https:\/\/www.vcelarstvipalka.cz\/index.php\/wp-json\/wp\/v2\/pages\/120\/revisions\/164"}],"wp:attachment":[{"href":"https:\/\/www.vcelarstvipalka.cz\/index.php\/wp-json\/wp\/v2\/media?parent=120"}],"curies":[{"name":"wp","href":"https:\/\/api.w.org\/{rel}","templated":true}]}}