{"id":127,"date":"2017-12-11T10:52:21","date_gmt":"2017-12-11T10:52:21","guid":{"rendered":"http:\/\/www.vcelarstvipalka.cz\/?page_id=127"},"modified":"2017-12-11T11:25:05","modified_gmt":"2017-12-11T11:25:05","slug":"nabidka-materi-kasicka","status":"publish","type":"page","link":"https:\/\/www.vcelarstvipalka.cz\/index.php\/nabidka-materi-kasicka\/","title":{"rendered":"Nab\u00eddka MATE\u0158\u00cd KA\u0160I\u010cKA"},"content":{"rendered":"<p>Na\u0161e Aktu\u00e1ln\u00ed nab\u00eddka Mate\u0159\u00ed ka\u0161i\u010dky (zamra\u017een\u00e1) a produkt\u016f z n\u00ed<\/p>\n<p><img loading=\"lazy\" decoding=\"async\" class=\"alignnone size-medium wp-image-132\" src=\"http:\/\/www.vcelarstvipalka.cz\/wp-content\/uploads\/2017\/12\/IMG_9203-300x225.jpg\" alt=\"\" width=\"300\" height=\"225\" srcset=\"https:\/\/www.vcelarstvipalka.cz\/wp-content\/uploads\/2017\/12\/IMG_9203-300x225.jpg 300w, https:\/\/www.vcelarstvipalka.cz\/wp-content\/uploads\/2017\/12\/IMG_9203-768x576.jpg 768w, https:\/\/www.vcelarstvipalka.cz\/wp-content\/uploads\/2017\/12\/IMG_9203-1024x768.jpg 1024w\" sizes=\"(max-width: 300px) 100vw, 300px\" \/><\/p>\n","protected":false},"excerpt":{"rendered":"<p>Na\u0161e Aktu\u00e1ln\u00ed nab\u00eddka Mate\u0159\u00ed ka\u0161i\u010dky (zamra\u017een\u00e1) a produkt\u016f z n\u00ed<\/p>\n","protected":false},"author":1,"featured_media":0,"parent":0,"menu_order":0,"comment_status":"closed","ping_status":"closed","template":"","meta":{"ngg_post_thumbnail":0,"footnotes":""},"class_list":["post-127","page","type-page","status-publish","hentry"],"_links":{"self":[{"href":"https:\/\/www.vcelarstvipalka.cz\/index.php\/wp-json\/wp\/v2\/pages\/127"}],"collection":[{"href":"https:\/\/www.vcelarstvipalka.cz\/index.php\/wp-json\/wp\/v2\/pages"}],"about":[{"href":"https:\/\/www.vcelarstvipalka.cz\/index.php\/wp-json\/wp\/v2\/types\/page"}],"author":[{"embeddable":true,"href":"https:\/\/www.vcelarstvipalka.cz\/index.php\/wp-json\/wp\/v2\/users\/1"}],"replies":[{"embeddable":true,"href":"https:\/\/www.vcelarstvipalka.cz\/index.php\/wp-json\/wp\/v2\/comments?post=127"}],"version-history":[{"count":4,"href":"https:\/\/www.vcelarstvipalka.cz\/index.php\/wp-json\/wp\/v2\/pages\/127\/revisions"}],"predecessor-version":[{"id":133,"href":"https:\/\/www.vcelarstvipalka.cz\/index.php\/wp-json\/wp\/v2\/pages\/127\/revisions\/133"}],"wp:attachment":[{"href":"https:\/\/www.vcelarstvipalka.cz\/index.php\/wp-json\/wp\/v2\/media?parent=127"}],"curies":[{"name":"wp","href":"https:\/\/api.w.org\/{rel}","templated":true}]}}