{"id":134,"date":"2017-12-11T11:26:22","date_gmt":"2017-12-11T11:26:22","guid":{"rendered":"http:\/\/www.vcelarstvipalka.cz\/?page_id=134"},"modified":"2017-12-11T11:26:22","modified_gmt":"2017-12-11T11:26:22","slug":"nabidka-propolis","status":"publish","type":"page","link":"https:\/\/www.vcelarstvipalka.cz\/index.php\/nabidka-propolis\/","title":{"rendered":"Nab\u00eddka PROPOLIS"},"content":{"rendered":"<p>Na\u0161e aktu\u00e1ln\u00ed nab\u00eddka Propolisu a produkt\u016f z n\u011bj<\/p>\n","protected":false},"excerpt":{"rendered":"<p>Na\u0161e aktu\u00e1ln\u00ed nab\u00eddka Propolisu a produkt\u016f z n\u011bj<\/p>\n","protected":false},"author":1,"featured_media":0,"parent":0,"menu_order":0,"comment_status":"closed","ping_status":"closed","template":"","meta":{"ngg_post_thumbnail":0,"footnotes":""},"class_list":["post-134","page","type-page","status-publish","hentry"],"_links":{"self":[{"href":"https:\/\/www.vcelarstvipalka.cz\/index.php\/wp-json\/wp\/v2\/pages\/134"}],"collection":[{"href":"https:\/\/www.vcelarstvipalka.cz\/index.php\/wp-json\/wp\/v2\/pages"}],"about":[{"href":"https:\/\/www.vcelarstvipalka.cz\/index.php\/wp-json\/wp\/v2\/types\/page"}],"author":[{"embeddable":true,"href":"https:\/\/www.vcelarstvipalka.cz\/index.php\/wp-json\/wp\/v2\/users\/1"}],"replies":[{"embeddable":true,"href":"https:\/\/www.vcelarstvipalka.cz\/index.php\/wp-json\/wp\/v2\/comments?post=134"}],"version-history":[{"count":1,"href":"https:\/\/www.vcelarstvipalka.cz\/index.php\/wp-json\/wp\/v2\/pages\/134\/revisions"}],"predecessor-version":[{"id":135,"href":"https:\/\/www.vcelarstvipalka.cz\/index.php\/wp-json\/wp\/v2\/pages\/134\/revisions\/135"}],"wp:attachment":[{"href":"https:\/\/www.vcelarstvipalka.cz\/index.php\/wp-json\/wp\/v2\/media?parent=134"}],"curies":[{"name":"wp","href":"https:\/\/api.w.org\/{rel}","templated":true}]}}