{"id":140,"date":"2017-12-11T11:29:15","date_gmt":"2017-12-11T11:29:15","guid":{"rendered":"http:\/\/www.vcelarstvipalka.cz\/?page_id=140"},"modified":"2025-01-24T17:15:45","modified_gmt":"2025-01-24T17:15:45","slug":"nabidka-vcelstva","status":"publish","type":"page","link":"https:\/\/www.vcelarstvipalka.cz\/index.php\/nabidka-vcelstva\/","title":{"rendered":"Nab\u00eddka V\u010cELSTVA"},"content":{"rendered":"<p><strong>Na\u0161e aktu\u00e1ln\u00ed nab\u00eddka V\u010cELSTEV, ODD\u011aLK\u016e, SMETENC\u016e a MATEK<\/strong><\/p>\n<p>&nbsp;&#8211; vyzimovan\u00e9 v\u010delstva&nbsp; s ro\u010dn\u00ed kladouc\u00ed zna\u010denou matkou (Langstroth 2\/3)&#8230;&#8230;<strong>5.500,-CZK<\/strong>&nbsp; (pro rok 2025<strong> &#8211;<span style=\"color: #ff0000;\">VYPROD\u00c1NO<br \/>\n<\/span><\/strong><span style=\"color: #0000ff;\">p\u0159ij\u00edm\u00e1me Objedn\u00e1vky pro rok 2026 &#8211; vyzvednut\u00ed Duben 2026)<\/span><br \/>\n<em>(cena je uvedena za v\u010delstvo s kladouc\u00ed ro\u010dn\u00ed matkou a 10ks r\u00e1mk\u016f Lang2\/3 s v\u010del\u00edm d\u00edlem).<br \/>\nV\u00fddej je p\u0159elo\u017een\u00edm do V\u00e1mi p\u0159ivezen\u00fdch \u00fal\u016f (s\u00ed\u0165ovan\u00e9 v\u011btrateln\u00e9 dno nebo v\u00edko podm\u00ednkou).<br \/>\n<\/em><br \/>\n&#8211; Odd\u011blek v\u010del p\u011btir\u00e1mkov\u00fd s mladou zna\u010denou voln\u011b sp\u00e1\u0159enou matkou a zav\u00ed\u010dkovan\u00fdm plodem (Lang 2\/3) &#8230;&#8230;. <strong>2.500,- CZK&nbsp; <\/strong>(pro rok 2025 &#8211; <strong><span style=\"color: #ff0000;\">VYPROD\u00c1NO<br \/>\n<\/span><\/strong><span style=\"color: #0000ff;\">(p\u0159ij\u00edm\u00e1me Objedn\u00e1vky na rok 2026 &#8211; vyzvednut\u00ed 6\/2026)<br \/>\n<\/span><em>(cena je uvedena za v\u010delstvo s kladouc\u00ed mladou matkou a 5ks r\u00e1mk\u016f Lang2\/3 s v\u010del\u00edm d\u00edlem)<br \/>\np\u0159i objedn\u00e1n\u00ed do 20\/4 budou k dispozici kolem 15\/6)<br \/>\nV\u00fddej je p\u0159elo\u017een\u00edm do V\u00e1mi p\u0159ivezen\u00fdch roj\u00e1\u010dk\u016f nebo \u00fal\u016f (s\u00ed\u0165ovan\u00e9 v\u011btrateln\u00e9 dno nebo v\u00edko podm\u00ednkou) nebo P\u0159epravn\u00edch Kartonov\u00fdch krabic.<br \/>\n<\/em><\/p>\n<p>&#8211; Odd\u011blek v\u010del osmir\u00e1mkov\u00fd s mladou zna\u010denou voln\u011b sp\u00e1\u0159enou matkou a zav\u00ed\u010dkovan\u00fdm plodem (Lang2\/3)&#8230;. <strong>3.000,- CZK <\/strong>(pro rok 2025 &#8211;<strong> <span style=\"color: #ff0000;\">VYPROD\u00c1NO<\/span><\/strong><span style=\"color: #0000ff;\">&nbsp;<br \/>\n(p\u0159ij\u00edm\u00e1me Objedn\u00e1vky na rok 2026 &#8211; vyzvednut\u00ed druh\u00e1 polovina 6\/2026)<br \/>\n<span style=\"color: #333333;\"><em>(cena je uvedena za v\u010delstvo s kladouc\u00ed mladou matkou a 8ks r\u00e1mk\u016f Lang2\/3 s v\u010del\u00edm d\u00edlem (prostor pro dvour\u00e1mkov\u00e9 kapsov\u00e9 krm\u00edtko)&nbsp;<\/em> <\/span><\/span><br \/>\n(<em>p\u0159i objedn\u00e1n\u00ed do 20\/4 k odb\u011bru kolem 10\/6. Cena je bez N\u00e1stavku Lang 2\/3.<br \/>\nV\u00fddej je do V\u00e1mi p\u0159ivezen\u00fdch \u00fal\u016f (s\u00ed\u0165ovan\u00e9 v\u011btrateln\u00e9 dno nebo v\u00edko podm\u00ednkou) nebo jin\u00fdch P\u0159epravn\u00edch box\u016f.<br \/>\n<\/em><\/p>\n<p>Ceny uvedeny bez dopravy &#8211; k vyzvednut\u00ed Uhersk\u00e9 Hradi\u0161t\u011b (v\u010delnice Star\u00e9 M\u011bsto).<br \/>\nP\u0159i vyzvednut\u00ed budou p\u0159ed\u00e1ny i pot\u0159ebn\u00e9 dokumenty pro p\u0159evoz (Faktura, veterin\u00e1rn\u00ed povolen\u00ed pro p\u0159evoz v\u010del (odd\u011blk\u016f ) a vy\u0161et\u0159en\u00ed proti v\u010del\u00edmu moru).<\/p>\n<p><span class=\"bold\">OBJEDN\u00c1VKY s udaji: Jm\u00e9no a p\u0159\u00edjmen\u00ed, Adresa, Okres, registra\u010dn\u00ed \u010d\u00edslo chovatele, kontaktn\u00ed telefonn\u00ed \u010d\u00edslo a e-mail, Katastr a \u010d\u00edslo parcely um\u00edstn\u011bn\u00ed stanovi\u0161t\u011b v\u010delstva a \u010d\u00edslo stanovi\u0161t\u011b &#8211; pros\u00edm zas\u00edlejte pro dan\u00fd rok do 20\/4 na email :&nbsp;&nbsp; <a href=\"mailto:palka@vcelarstvipalka.cz\"><strong>palka@vcelarstvipalka.cz<\/strong><\/a><br \/>\n<\/span><\/p>\n<p>V\u00fd\u0161e uveden\u00e9 \u00fadaje jsou pot\u0159ebn\u00e9 pro povolen\u00ed p\u0159evozu v\u010del (odd\u011blk\u016f), kter\u00e9 vystavuje veterin\u00e1rn\u00ed spr\u00e1va.&nbsp; Povolen\u00ed je pot\u0159ebn\u00e9 vy\u0159\u00eddit p\u0159ed odvozem v\u010del. Platnost povolen\u00ed p\u0159evozu je 24 hodin a platnost Dokladu na vy\u0161et\u0159en\u00ed v\u010d. moru je max. 3 m\u011bs\u00edce.<br \/>\nVyhrazujeme si pr\u00e1vo objedn\u00e1vky zru\u0161it a v\u010delstva nevyd\u00e1vat v p\u0159\u00edpad\u011b vlivu &#8222;vy\u0161\u0161\u00ed moci&#8220; (po\u0161kozen\u00ed \u017eivelnou pohromou, n\u00e1kazov\u00e1 situace apod.)<\/p>\n<p>Nejsem pl\u00e1tce DPH<\/p>\n<p><img loading=\"lazy\" decoding=\"async\" class=\"alignnone wp-image-131 size-large\" src=\"http:\/\/www.vcelarstvipalka.cz\/wp-content\/uploads\/2017\/12\/IMG_8557-1024x768.jpg\" alt=\"\" width=\"525\" height=\"394\" srcset=\"https:\/\/www.vcelarstvipalka.cz\/wp-content\/uploads\/2017\/12\/IMG_8557-1024x768.jpg 1024w, https:\/\/www.vcelarstvipalka.cz\/wp-content\/uploads\/2017\/12\/IMG_8557-300x225.jpg 300w, https:\/\/www.vcelarstvipalka.cz\/wp-content\/uploads\/2017\/12\/IMG_8557-768x576.jpg 768w\" sizes=\"(max-width: 525px) 100vw, 525px\" \/><\/p>\n","protected":false},"excerpt":{"rendered":"<p>Na\u0161e aktu\u00e1ln\u00ed nab\u00eddka V\u010cELSTEV, ODD\u011aLK\u016e, SMETENC\u016e a MATEK &nbsp;&#8211; vyzimovan\u00e9 v\u010delstva&nbsp; s ro\u010dn\u00ed kladouc\u00ed zna\u010denou matkou (Langstroth 2\/3)&#8230;&#8230;5.500,-CZK&nbsp; (pro rok 2025 &#8211;VYPROD\u00c1NO p\u0159ij\u00edm\u00e1me Objedn\u00e1vky pro rok 2026 &#8211; vyzvednut\u00ed Duben 2026) (cena je uvedena za v\u010delstvo s kladouc\u00ed ro\u010dn\u00ed matkou a 10ks r\u00e1mk\u016f Lang2\/3 s v\u010del\u00edm d\u00edlem). V\u00fddej je p\u0159elo\u017een\u00edm do V\u00e1mi p\u0159ivezen\u00fdch \u00fal\u016f (s\u00ed\u0165ovan\u00e9 &hellip; <\/p>\n<p class=\"link-more\"><a href=\"https:\/\/www.vcelarstvipalka.cz\/index.php\/nabidka-vcelstva\/\" class=\"more-link\">Pokra\u010dovat ve \u010dten\u00ed<span class=\"screen-reader-text\"> &#8222;Nab\u00eddka V\u010cELSTVA&#8220;<\/span><\/a><\/p>\n","protected":false},"author":1,"featured_media":0,"parent":0,"menu_order":0,"comment_status":"closed","ping_status":"closed","template":"","meta":{"ngg_post_thumbnail":0,"footnotes":""},"class_list":["post-140","page","type-page","status-publish","hentry"],"_links":{"self":[{"href":"https:\/\/www.vcelarstvipalka.cz\/index.php\/wp-json\/wp\/v2\/pages\/140"}],"collection":[{"href":"https:\/\/www.vcelarstvipalka.cz\/index.php\/wp-json\/wp\/v2\/pages"}],"about":[{"href":"https:\/\/www.vcelarstvipalka.cz\/index.php\/wp-json\/wp\/v2\/types\/page"}],"author":[{"embeddable":true,"href":"https:\/\/www.vcelarstvipalka.cz\/index.php\/wp-json\/wp\/v2\/users\/1"}],"replies":[{"embeddable":true,"href":"https:\/\/www.vcelarstvipalka.cz\/index.php\/wp-json\/wp\/v2\/comments?post=140"}],"version-history":[{"count":16,"href":"https:\/\/www.vcelarstvipalka.cz\/index.php\/wp-json\/wp\/v2\/pages\/140\/revisions"}],"predecessor-version":[{"id":1025,"href":"https:\/\/www.vcelarstvipalka.cz\/index.php\/wp-json\/wp\/v2\/pages\/140\/revisions\/1025"}],"wp:attachment":[{"href":"https:\/\/www.vcelarstvipalka.cz\/index.php\/wp-json\/wp\/v2\/media?parent=140"}],"curies":[{"name":"wp","href":"https:\/\/api.w.org\/{rel}","templated":true}]}}