{"id":165,"date":"2017-12-13T11:11:29","date_gmt":"2017-12-13T11:11:29","guid":{"rendered":"http:\/\/www.vcelarstvipalka.cz\/?page_id=165"},"modified":"2017-12-13T11:12:19","modified_gmt":"2017-12-13T11:12:19","slug":"produkt-vosk","status":"publish","type":"page","link":"https:\/\/www.vcelarstvipalka.cz\/index.php\/produkt-vosk\/","title":{"rendered":"Produkt VOSK"},"content":{"rendered":"<p>V\u010del\u00ed vosk je metabolick\u00fd produkt d\u011blnic v\u010dely medonosn\u00e9 (Apis Mellifera) kter\u00e9 jej vytv\u00e1\u0159ej\u00ed ve sv\u00fdch voskotvorn\u00fdch \u017el\u00e1z\u00e1ch jako mal\u00e9 \u0161upinky, kter\u00e9 si navz\u00e1jem trp\u011bliv\u011b sb\u00edraj\u00ed. V\u010del\u00ed matka ani trubci produkovat vosk nemohou. Pro dostate\u010dnou tvorbu vosku je nutn\u00e1 dobr\u00e1 \u017eivotospr\u00e1va, pestr\u00e1 a dostate\u010dn\u00e1 pastva, \u00a0minimum stres\u016f a celkov\u00e1 pohoda v\u010delstva, tak aby mohla b\u00fdt pln\u011b zapojena spr\u00e1vn\u00e1 metabolick\u00e1 funkce tukov\u00fdch t\u011bl\u00edsek dostate\u010dn\u00e9ho po\u010dtu v\u010del\u00edch d\u011blnic.<br \/>\nVosk je plastick\u00e9 konzistence oran\u017eovo \u017elut\u00e9 a\u017e sv\u011btle hn\u011bd\u00e9 barvy. M\u00e1 typickou medovou v\u016fni. Z\u00edsk\u00e1v\u00e1me jej ze star\u00fdch v\u010del\u00edch vo\u0161tin (pl\u00e1stve) a z\u00a0v\u010del\u00edch v\u00ed\u010dek na z\u00e1sob\u00e1ch. Zpracov\u00e1v\u00e1me jej mokrou cestou za tepla (horkou vodou, parou), nebo ve slune\u010dn\u00edm tavidle. N\u00e1sledn\u011b jej filtrujeme, \u010dist\u00edme a sedimentujeme. N\u00e1\u0161 v\u010del\u00ed vosk d\u00e1le nijak neupravujeme a to ani v\u00a0na\u0161ich sv\u00ed\u010dk\u00e1ch. Jedn\u00e1 se v\u017edy o 100% v\u010del\u00ed produkt. (na rozd\u00edl od n\u011bkter\u00fdch \u201ev\u010del\u00edch vosk\u016f na trhu od nev\u010dela\u0159\u016f\u201c. N\u00e1\u0161 v\u010del\u00ed vosk je maxim\u00e1ln\u011b zbaven zbytkov\u00e9 vody a proto sv\u00ed\u010dky z\u00a0n\u011bj \u201eneprskaj\u00ed\u201c J.<br \/>\nNa\u0161i z\u00e1kazn\u00edci si jej m\u016f\u017eou d\u00e1le dodate\u010dn\u011b upravit p\u0159id\u00e1n\u00edm \u00e9terick\u00fdch olej\u016f, aromat p\u0159\u00edpadn\u011b k\u00a0tomu ur\u010den\u00fdch barviv.<\/p>\n<p>Sv\u00ed\u010dka a figurky vyr\u00e1b\u011bn\u00e9 ze v\u010del\u00edho vosku, stejn\u011b jako l\u00e9\u010div\u00e9, relaxa\u010dn\u00ed a medita\u010dn\u00ed sv\u00ed\u010dky jsou lidstvu zn\u00e1m\u00e9 ji\u017e tis\u00edce let. V\u00a0historii byly pou\u017e\u00edv\u00e1ny jako zdroj sv\u011btla, tak i pro liturgick\u00e9 \u00fa\u010dely. V\u00fdznamn\u00e1 je jejich kr\u00e1sa a origin\u00e1ln\u00ed vzhled. V\u016fn\u011b i bez ho\u0159en\u00ed. P\u0159i ho\u0159en\u00ed na rozd\u00edl od paraf\u00edn\u016f ned\u00fdmaj\u00ed ale naopak \u0161\u00ed\u0159\u00ed v\u016fni medu a propolisov\u00e9 prysky\u0159ice. Z\u00e1rove\u0148 neutralizuj\u00ed pachy a cigaretov\u00fd kou\u0159. \u00dadajn\u011b i plamen eliminuj\u00ed elektromagnetick\u00e9 z\u00e1\u0159en\u00ed a elektrosmog.<\/p>\n<p><a href=\"http:\/\/www.vcelarstvipalka.cz\/index.php\/nabidka-vosk\/\">na\u0161e aktu\u00e1ln\u00ed nab\u00eddka &#8211; zde<\/a><\/p>\n","protected":false},"excerpt":{"rendered":"<p>V\u010del\u00ed vosk je metabolick\u00fd produkt d\u011blnic v\u010dely medonosn\u00e9 (Apis Mellifera) kter\u00e9 jej vytv\u00e1\u0159ej\u00ed ve sv\u00fdch voskotvorn\u00fdch \u017el\u00e1z\u00e1ch jako mal\u00e9 \u0161upinky, kter\u00e9 si navz\u00e1jem trp\u011bliv\u011b sb\u00edraj\u00ed. V\u010del\u00ed matka ani trubci produkovat vosk nemohou. Pro dostate\u010dnou tvorbu vosku je nutn\u00e1 dobr\u00e1 \u017eivotospr\u00e1va, pestr\u00e1 a dostate\u010dn\u00e1 pastva, \u00a0minimum stres\u016f a celkov\u00e1 pohoda v\u010delstva, tak aby mohla b\u00fdt pln\u011b &hellip; <\/p>\n<p class=\"link-more\"><a href=\"https:\/\/www.vcelarstvipalka.cz\/index.php\/produkt-vosk\/\" class=\"more-link\">Pokra\u010dovat ve \u010dten\u00ed<span class=\"screen-reader-text\"> &#8222;Produkt VOSK&#8220;<\/span><\/a><\/p>\n","protected":false},"author":1,"featured_media":0,"parent":0,"menu_order":0,"comment_status":"closed","ping_status":"closed","template":"","meta":{"ngg_post_thumbnail":0,"footnotes":""},"class_list":["post-165","page","type-page","status-publish","hentry"],"_links":{"self":[{"href":"https:\/\/www.vcelarstvipalka.cz\/index.php\/wp-json\/wp\/v2\/pages\/165"}],"collection":[{"href":"https:\/\/www.vcelarstvipalka.cz\/index.php\/wp-json\/wp\/v2\/pages"}],"about":[{"href":"https:\/\/www.vcelarstvipalka.cz\/index.php\/wp-json\/wp\/v2\/types\/page"}],"author":[{"embeddable":true,"href":"https:\/\/www.vcelarstvipalka.cz\/index.php\/wp-json\/wp\/v2\/users\/1"}],"replies":[{"embeddable":true,"href":"https:\/\/www.vcelarstvipalka.cz\/index.php\/wp-json\/wp\/v2\/comments?post=165"}],"version-history":[{"count":2,"href":"https:\/\/www.vcelarstvipalka.cz\/index.php\/wp-json\/wp\/v2\/pages\/165\/revisions"}],"predecessor-version":[{"id":167,"href":"https:\/\/www.vcelarstvipalka.cz\/index.php\/wp-json\/wp\/v2\/pages\/165\/revisions\/167"}],"wp:attachment":[{"href":"https:\/\/www.vcelarstvipalka.cz\/index.php\/wp-json\/wp\/v2\/media?parent=165"}],"curies":[{"name":"wp","href":"https:\/\/api.w.org\/{rel}","templated":true}]}}