{"id":8,"date":"2017-10-18T11:25:50","date_gmt":"2017-10-18T11:25:50","guid":{"rendered":"http:\/\/www.vcelarstvipalka.cz\/?page_id=8"},"modified":"2024-01-18T16:57:06","modified_gmt":"2024-01-18T16:57:06","slug":"home","status":"publish","type":"page","link":"https:\/\/www.vcelarstvipalka.cz\/","title":{"rendered":"Home"},"content":{"rendered":"<p><!--more-->&nbsp;V\u00edtejte na str\u00e1nk\u00e1ch na\u0161eho v\u010dela\u0159stv\u00ed. Douf\u00e1me \u017ee zde naleznete v\u0161e co pot\u0159ebujete v\u011bd\u011bt. Nebo n\u00e1s m\u016f\u017eeta kontaktovat osobn\u011b. P\u011bkn\u00fd den v\u00e1m p\u0159eje rodina P\u00e1lkov\u00e1.<\/p>\n\n\n<p><\/p>\n","protected":false},"excerpt":{"rendered":"","protected":false},"author":1,"featured_media":0,"parent":0,"menu_order":0,"comment_status":"closed","ping_status":"closed","template":"","meta":{"ngg_post_thumbnail":0,"footnotes":""},"class_list":["post-8","page","type-page","status-publish","hentry"],"_links":{"self":[{"href":"https:\/\/www.vcelarstvipalka.cz\/index.php\/wp-json\/wp\/v2\/pages\/8"}],"collection":[{"href":"https:\/\/www.vcelarstvipalka.cz\/index.php\/wp-json\/wp\/v2\/pages"}],"about":[{"href":"https:\/\/www.vcelarstvipalka.cz\/index.php\/wp-json\/wp\/v2\/types\/page"}],"author":[{"embeddable":true,"href":"https:\/\/www.vcelarstvipalka.cz\/index.php\/wp-json\/wp\/v2\/users\/1"}],"replies":[{"embeddable":true,"href":"https:\/\/www.vcelarstvipalka.cz\/index.php\/wp-json\/wp\/v2\/comments?post=8"}],"version-history":[{"count":4,"href":"https:\/\/www.vcelarstvipalka.cz\/index.php\/wp-json\/wp\/v2\/pages\/8\/revisions"}],"predecessor-version":[{"id":1013,"href":"https:\/\/www.vcelarstvipalka.cz\/index.php\/wp-json\/wp\/v2\/pages\/8\/revisions\/1013"}],"wp:attachment":[{"href":"https:\/\/www.vcelarstvipalka.cz\/index.php\/wp-json\/wp\/v2\/media?parent=8"}],"curies":[{"name":"wp","href":"https:\/\/api.w.org\/{rel}","templated":true}]}}