{"id":9,"date":"2017-10-18T11:25:50","date_gmt":"2017-10-18T11:25:50","guid":{"rendered":"http:\/\/www.vcelarstvipalka.cz\/?page_id=9"},"modified":"2018-03-25T17:15:41","modified_gmt":"2018-03-25T17:15:41","slug":"about","status":"publish","type":"page","link":"https:\/\/www.vcelarstvipalka.cz\/index.php\/about\/","title":{"rendered":"O n\u00e1s"},"content":{"rendered":"<p>Jsme mlad\u00e9 rodinn\u00e9 v\u010dela\u0159stv\u00ed a chovem v\u010del se zab\u00fdv\u00e1me ji\u017e od roku 2014. Sna\u017e\u00edme se n\u00e1\u0161 chov rozv\u00edjet sm\u011brem k metod\u00e1m &#8222;v\u010dela\u0159en\u00ed bl\u00edzk\u00e9 p\u0159\u00edrod\u011b&#8220;. Na\u0161e metody vych\u00e1zen\u00ed ze zku\u0161enost\u00ed a nov\u00fdch postup\u016f propagovan\u00fdch PSNV CZ (Pracovn\u00ed skupina n\u00e1stavkov\u00e9ho v\u010dela\u0159en\u00ed) jeji\u017e kurzy jsme v za\u010d\u00e1tc\u00edch absolvovali.<\/p>\n<p>Nechceme sm\u011b\u0159ovat k intenzivn\u00ed produkci medu a dal\u0161\u00edch v\u010del\u00edch produkt\u016f, ale k trvale udr\u017eiteln\u00e9 symbi\u00f3ze v\u010del a \u010dlov\u011bka &#8211; se sladk\u00fdm profitem pro n\u00e1s.<\/p>\n<p>V\u010delstva jsou chov\u00e1na v modern\u00ed, lehce \u010distiteln\u00fdch a ohn\u011bm dezinfikovateln\u00fdch n\u00edzkon\u00e1stavkov\u00fdch \u00falech Langstroth 2\/3 s&nbsp;varoadnem s \u010dastou obm\u011bnou plodi\u0161t\u011b, vo\u0161t\u00ed a celkov\u011b v\u010del\u00edho voskov\u00e9ho d\u00edla. Nov\u00e9 voskov\u00e9 mezist\u011bnky pro stavbu jsou v\u00fdhradn\u011b z ov\u011b\u0159en\u00e9ho zdroje kvalitn\u00edho vosku fa Mezist\u011bnky Stra\u017eisko.<\/p>\n<p>Stanovi\u0161t\u011b jsou um\u00edst\u011bna v m\u00edstech bez p\u0159\u00edm\u00e9ho kontaktu s intenzivn\u00edm zem\u011bd\u011blstv\u00edm v&nbsp;zahrad\u00e1ch a sadech obce Bor\u0161ice, St\u0159\u00edbrnice (p\u0159\u00edrodn\u00ed park St\u0159\u00edbrnick\u00e9 paseky) a obce Star\u00e9 M\u011bsto u Uhersk\u00e9ho Hradi\u0161t\u011b s pestrou sn\u016f\u0161kou p\u0159ev\u00e1\u017en\u011b ovocn\u00fdch strom\u016f bez intenzivn\u00edho obhospoda\u0159ov\u00e1n\u00ed (plan\u00e9 trnky, star\u00e9 jablon\u011b, zahr\u00e1dky malop\u011bstitel\u016f), park\u016f (l\u00edpy, ka\u0161tany) a kvetouc\u00edch lu\u010dn\u00edch bylin (plevele a l\u00e9\u010divky). v\u00edce na <a href=\"http:\/\/www.vcelarstvipalka.cz\/index.php\/nase-vcelnice\/\">NA\u0160E V\u010cELNICE<\/a>.<\/p>\n<p><img loading=\"lazy\" decoding=\"async\" class=\"alignnone wp-image-86 size-large\" src=\"http:\/\/www.vcelarstvipalka.cz\/wp-content\/uploads\/2017\/10\/IMG_8075-1024x768.jpg\" alt=\"\" width=\"525\" height=\"394\" srcset=\"https:\/\/www.vcelarstvipalka.cz\/wp-content\/uploads\/2017\/10\/IMG_8075-1024x768.jpg 1024w, https:\/\/www.vcelarstvipalka.cz\/wp-content\/uploads\/2017\/10\/IMG_8075-300x225.jpg 300w, https:\/\/www.vcelarstvipalka.cz\/wp-content\/uploads\/2017\/10\/IMG_8075-768x576.jpg 768w\" sizes=\"(max-width: 525px) 100vw, 525px\" \/><\/p>\n<p>V\u010delstva nejsou v dob\u011b sn\u016f\u0161ky p\u0159ikrmov\u00e1na cukrem ani ciz\u00edm medem! V\u010dely NEJSOU na zimu krmena \u0161krobov\u00fdm, \u0159epn\u00fdm, bramborov\u00fdm, p\u0161eni\u010dn\u00fdm, kuku\u0159i\u010dn\u00fdm&#8230;ani \u017e\u00e1dn\u00fdm jin\u00fdm !) invertn\u00edm krmivem. (viz kritika kvality \u010desk\u00fdch med\u016f pro vysok\u00fd obsah invertu &#8211; Usnesen\u00ed RV \u010cSVz.s. 3\/2014). P\u0159i chovu jsou pou\u017e\u00edv\u00e1ny \u0161etrn\u00e9 metody l\u00e9\u010den\u00ed a chovu zdrav\u00fdch v\u010delstev. V&nbsp;\u00falech a v&nbsp;chovu NEJSOU pou\u017e\u00edv\u00e1ny \u017e\u00e1dn\u00e9 plastov\u00e9 r\u00e1mky a konstrukce \u00fal\u016f je bez zateplen\u00ed plasty a polystyr\u00e9nem. R\u00e1mky NEJSOU dr\u00e1tkov\u00e1ny (pozinek dr\u00e1t) co\u017e sice vy\u017eaduje \u0161etrn\u011bj\u0161\u00ed postup p\u0159i vyt\u00e1\u010den\u00ed medu, ale d\u00edky tomu nehroz\u00ed n\u00e1sledn\u011b kontaminace kovem a to ani p\u0159i vyv\u00e1\u0159en\u00ed vosku.<\/p>\n","protected":false},"excerpt":{"rendered":"<p>Jsme mlad\u00e9 rodinn\u00e9 v\u010dela\u0159stv\u00ed a chovem v\u010del se zab\u00fdv\u00e1me ji\u017e od roku 2014. Sna\u017e\u00edme se n\u00e1\u0161 chov rozv\u00edjet sm\u011brem k metod\u00e1m &#8222;v\u010dela\u0159en\u00ed bl\u00edzk\u00e9 p\u0159\u00edrod\u011b&#8220;. Na\u0161e metody vych\u00e1zen\u00ed ze zku\u0161enost\u00ed a nov\u00fdch postup\u016f propagovan\u00fdch PSNV CZ (Pracovn\u00ed skupina n\u00e1stavkov\u00e9ho v\u010dela\u0159en\u00ed) jeji\u017e kurzy jsme v za\u010d\u00e1tc\u00edch absolvovali. Nechceme sm\u011b\u0159ovat k intenzivn\u00ed produkci medu a dal\u0161\u00edch v\u010del\u00edch produkt\u016f, &hellip; <\/p>\n<p class=\"link-more\"><a href=\"https:\/\/www.vcelarstvipalka.cz\/index.php\/about\/\" class=\"more-link\">Pokra\u010dovat ve \u010dten\u00ed<span class=\"screen-reader-text\"> &#8222;O n\u00e1s&#8220;<\/span><\/a><\/p>\n","protected":false},"author":1,"featured_media":0,"parent":0,"menu_order":0,"comment_status":"closed","ping_status":"closed","template":"","meta":{"ngg_post_thumbnail":0,"footnotes":""},"class_list":["post-9","page","type-page","status-publish","hentry"],"_links":{"self":[{"href":"https:\/\/www.vcelarstvipalka.cz\/index.php\/wp-json\/wp\/v2\/pages\/9"}],"collection":[{"href":"https:\/\/www.vcelarstvipalka.cz\/index.php\/wp-json\/wp\/v2\/pages"}],"about":[{"href":"https:\/\/www.vcelarstvipalka.cz\/index.php\/wp-json\/wp\/v2\/types\/page"}],"author":[{"embeddable":true,"href":"https:\/\/www.vcelarstvipalka.cz\/index.php\/wp-json\/wp\/v2\/users\/1"}],"replies":[{"embeddable":true,"href":"https:\/\/www.vcelarstvipalka.cz\/index.php\/wp-json\/wp\/v2\/comments?post=9"}],"version-history":[{"count":9,"href":"https:\/\/www.vcelarstvipalka.cz\/index.php\/wp-json\/wp\/v2\/pages\/9\/revisions"}],"predecessor-version":[{"id":814,"href":"https:\/\/www.vcelarstvipalka.cz\/index.php\/wp-json\/wp\/v2\/pages\/9\/revisions\/814"}],"wp:attachment":[{"href":"https:\/\/www.vcelarstvipalka.cz\/index.php\/wp-json\/wp\/v2\/media?parent=9"}],"curies":[{"name":"wp","href":"https:\/\/api.w.org\/{rel}","templated":true}]}}